{"id":5876,"date":"2023-04-28T13:42:43","date_gmt":"2023-04-28T11:42:43","guid":{"rendered":"https:\/\/saemiensijte.no\/?page_id=5876"},"modified":"2025-02-20T10:26:52","modified_gmt":"2025-02-20T09:26:52","slug":"saemien-sijten-vaarhkoe","status":"publish","type":"page","link":"https:\/\/saemiensijte.no\/sami\/saemien-sijten-vaarhkoe\/","title":{"rendered":"Saemien S\u00efjten v\u00e5arhkoe"},"content":{"rendered":"\n<p><b><span data-contrast=\"none\">Saemien S\u00efjte aalkovistie eadtjohke barkeme saemien siebriedahkem jeatjabidie vuesiehtidh j\u00efh dan b\u00efjre soptsestidh. Saemien S\u00efjte s\u00efjhti aerpieguedtiejidie eevtjedh saemien vuekide j\u00efh g\u00efelem n\u00e6nnoestin j\u00efh kultuvrebyjreskidie ohtsedidh j\u00efh dejtie vaarjelidh.<\/span><\/b><span data-contrast=\"none\">\u00a0<\/span><span data-ccp-props=\"{&quot;201341983&quot;:0,&quot;335559739&quot;:160,&quot;335559740&quot;:360}\">\u00a0<\/span><\/p>\n<p><span data-contrast=\"none\">Jaepieh 1985 \u2013 1989 Saemien S\u00efjte prosjektem darjoeji, \u00e5arjelsaemien kultuvremojhtesidie j\u00efh kultuvrebyjreskidie abpe \u00e5arjelsaemien dajvesne (Raanen tj\u00efelten raejeste j\u00efh Rendalen tj\u00efelten raajan) ohtsedin j\u00efh dej b\u00efjre tjaeliestin j\u00efh dejtie guvviedin. Daelie medtie 3100 tjaalegh v\u00e5arhkosne kultuvrebyjreski b\u00efjre.<\/span><span data-ccp-props=\"{&quot;201341983&quot;:0,&quot;335559739&quot;:160,&quot;335559740&quot;:360}\">\u00a0<\/span><\/p>\n<p>\u00a0<\/p>\n<p><b><span data-contrast=\"none\">Kultuvrehisovrijen v\u00e5arhkoe<\/span><\/b><span data-ccp-props=\"{&quot;201341983&quot;:0,&quot;335559739&quot;:160,&quot;335559740&quot;:360}\">\u00a0<\/span><\/p>\n<p><span data-contrast=\"none\">Saemien S\u00efjten v\u00e5arhkosne medtie 750 daeverh. Jeenemes daeverh v\u00e5arhkose b\u00f6\u00f6tin vadtesinie. Saemien Sijte 160 daeverh Norsk folkemuseumisitie j\u00efh Kulturhistorisk museumistie B\u00e5\u00e5stede-prosjektesne \u00e5adtjoeji.\u00a0<\/span><span data-ccp-props=\"{&quot;201341983&quot;:0,&quot;335559739&quot;:160,&quot;335559740&quot;:360}\">\u00a0<\/span><\/p>\n<p><span data-contrast=\"none\">Saemien S\u00efjte aaj b\u00e5eries guvvieh tj\u00f6\u00f6nghkeminie. Saemien S\u00efjte tuhtjie d\u00efhte barkoe vihkele. Daelie medtie 2500 guvvieh tj\u00f6\u00f6nghkeme. Gosse guvvieh Saemien S\u00efjtese b\u00e5etieh, dellie dejtie digitale v\u00e5arhkose guelmiedehtieh j\u00efh PRIMUS-ese tj\u00f6\u00f6nghkieh. Dellie Saemien S\u00efjte maahta guvvide gaskeviermesne vuesiehtidh. <\/span><span data-contrast=\"none\">Vihkele daejredh g\u00efeh almetjh b\u00e5eries guvvesne leah. Saemien S\u00efjte aaj jeatjah museumh, institusjovnh j\u00efh almetjh viehkehte.<\/span><span data-ccp-props=\"{&quot;201341983&quot;:0,&quot;335559739&quot;:160,&quot;335559740&quot;:360}\">\u00a0<\/span><\/p>\n<p><span data-contrast=\"none\">Jaepien 2009 Saemien S\u00efjte eelki digitale baanth j\u00efh ovmessie tjoejenasse-vierhtieh gaskevearman tj\u00f6\u00f6nghkedh. Daelie maehtebe dejtie vierhtide goltelidh. Almetjh radiovisnie j\u00efh intervjuvine soptsestamme. Desnie aaj ovmessie learoevierhtieh.\u00a0<\/span><span data-ccp-props=\"{&quot;201341983&quot;:0,&quot;335559739&quot;:160,&quot;335559740&quot;:360}\">\u00a0<\/span><\/p>\n<p><span data-contrast=\"none\">Saemien S\u00efjten v\u00e5arhkosne tjaalegh saemien siebriedahken b\u00efjre. Desnie ovmessie gaaltijh, vuesiehtimmien gaavhtan: tjaalegh kultuvremojhtesi b\u00efjre, boelhketjh plaerijste j\u00efh tjaalegh intervjuvijste. Saemien S\u00efjte eelki jaepien 1964 ovmessie tjaalegh tjaaleldh-v\u00e5arhkose tj\u00f6\u00f6nghkedh.\u00a0\u00a0<\/span><span data-ccp-props=\"{&quot;201341983&quot;:0,&quot;335559739&quot;:160,&quot;335559740&quot;:360}\">\u00a0<\/span><\/p>\n<p><span data-ccp-props=\"{&quot;201341983&quot;:0,&quot;335559739&quot;:160,&quot;335559740&quot;:360}\">\u00a0<\/span><\/p>\n<p><b><span data-contrast=\"none\">G\u00e6rjag\u00e5etie j\u00efh g\u00e6rjav\u00e5arhkoe<\/span><\/b><span data-ccp-props=\"{&quot;201341983&quot;:0,&quot;335559739&quot;:160,&quot;335559740&quot;:360}\">\u00a0<\/span><\/p>\n<p><span data-contrast=\"none\">Saemien S\u00efjte lea g\u00e6rjah vadtesinie \u00e5\u00e5dtjeme jallh g\u00e6rjah g\u00e6rjag\u00e5atan \u00e5asteme. Jaepien 2004 Saemien S\u00efjte gellie g\u00e6rjah vadtesinie Kjell Haarstad-en luvhtie \u00e5adtjoeji. Jaepien 2008 gellie g\u00e6rjah Bj\u00f8rn Aarset-en luvhtie \u00e5adtjoeji.<\/span><span data-ccp-props=\"{&quot;201341983&quot;:0,&quot;335559739&quot;:160,&quot;335559740&quot;:360}\">\u00a0<\/span><\/p>\n<p><span data-ccp-props=\"{&quot;201341983&quot;:0,&quot;335559739&quot;:160,&quot;335559740&quot;:360}\">\u00a0<\/span><\/p>\n<p><b><span data-contrast=\"none\">G\u00e5etie-vaarjelimmie<\/span><\/b><span data-ccp-props=\"{&quot;201341983&quot;:0,&quot;335559739&quot;:160,&quot;335559740&quot;:360}\">\u00a0<\/span><\/p>\n<p><span data-contrast=\"none\">Jaepien 1979 Saemien S\u00efjte John Eliassen-en buvriem \u00f6\u00f6sti. Buvrie Gressamo-esne, L\u00e5arten s\u00efjtesne \u00e5rroeminie. Buvriem orrestehtin jaepien 1980. Gressamo-esne aaj g\u00e5etie gusnie bearkoe soevestin. Dam jaepien 2007 orrestehtin.<\/span><span data-ccp-props=\"{&quot;201341983&quot;:0,&quot;335559739&quot;:160,&quot;335559740&quot;:360}\">\u00a0<\/span><\/p>\n<p><span data-contrast=\"none\">Jaepien 1988 buvriem Arvassli-este Saemien S\u00efjtese b\u00f6\u00f6ktin. Jaepien 1995 buvriem Saemien S\u00efjtese tseegkin.\u00a0\u00a0<\/span><span data-ccp-props=\"{&quot;201341983&quot;:0,&quot;335559739&quot;:160,&quot;335559740&quot;:360}\">\u00a0<\/span><\/p>\n<p><span data-ccp-props=\"{&quot;201341983&quot;:0,&quot;335559739&quot;:160,&quot;335559740&quot;:259}\">\u00a0<\/span><\/p>\n","protected":false},"excerpt":{"rendered":"<p>Saemien S\u00efjte aalkovistie eadtjohke barkeme saemien siebriedahkem jeatjabidie vuesiehtidh j\u00efh dan b\u00efjre soptsestidh. Saemien S\u00efjte s\u00efjhti aerpieguedtiejidie eevtjedh saemien vuekide j\u00efh g\u00efelem n\u00e6nnoestin j\u00efh kultuvrebyjreskidie ohtsedidh j\u00efh dejtie vaarjelidh.\u00a0\u00a0<\/p>\n","protected":false},"author":29,"featured_media":5776,"parent":0,"menu_order":1,"comment_status":"closed","ping_status":"closed","template":"","meta":{"_acf_changed":false,"_analytify_skip_tracking":false,"footnotes":""},"class_list":["post-5876","page","type-page","status-publish","has-post-thumbnail","hentry"],"acf":[],"yoast_head":"<!-- This site is optimized with the Yoast SEO plugin v27.4 - https:\/\/yoast.com\/product\/yoast-seo-wordpress\/ -->\n<title>Saemien S\u00efjten v\u00e5arhkoe - Saemien Sijte<\/title>\n<meta name=\"robots\" content=\"index, follow, max-snippet:-1, max-image-preview:large, max-video-preview:-1\" \/>\n<link rel=\"canonical\" href=\"https:\/\/saemiensijte.no\/sami\/saemien-sijten-vaarhkoe\/\" \/>\n<meta property=\"og:locale\" content=\"en_US\" \/>\n<meta property=\"og:type\" content=\"article\" \/>\n<meta property=\"og:title\" content=\"Saemien S\u00efjten v\u00e5arhkoe - Saemien Sijte\" \/>\n<meta property=\"og:description\" content=\"Saemien S\u00efjte aalkovistie eadtjohke barkeme saemien siebriedahkem jeatjabidie vuesiehtidh j\u00efh dan b\u00efjre soptsestidh. Saemien S\u00efjte s\u00efjhti aerpieguedtiejidie eevtjedh saemien vuekide j\u00efh g\u00efelem n\u00e6nnoestin j\u00efh kultuvrebyjreskidie ohtsedidh j\u00efh dejtie vaarjelidh.\u00a0\u00a0\" \/>\n<meta property=\"og:url\" content=\"https:\/\/saemiensijte.no\/sami\/saemien-sijten-vaarhkoe\/\" \/>\n<meta property=\"og:site_name\" content=\"Saemien Sijte\" \/>\n<meta property=\"article:modified_time\" content=\"2025-02-20T09:26:52+00:00\" \/>\n<meta property=\"og:image\" content=\"http:\/\/saemiensijte.no\/wp-content\/uploads\/2022\/10\/dsc_1450_ainabye.jpg\" \/>\n\t<meta property=\"og:image:width\" content=\"2000\" \/>\n\t<meta property=\"og:image:height\" content=\"1333\" \/>\n\t<meta property=\"og:image:type\" content=\"image\/jpeg\" \/>\n<meta name=\"twitter:card\" content=\"summary_large_image\" \/>\n<meta name=\"twitter:label1\" content=\"Est. reading time\" \/>\n\t<meta name=\"twitter:data1\" content=\"2 minutes\" \/>\n<script type=\"application\/ld+json\" class=\"yoast-schema-graph\">{\"@context\":\"https:\\\/\\\/schema.org\",\"@graph\":[{\"@type\":\"WebPage\",\"@id\":\"https:\\\/\\\/saemiensijte.no\\\/sami\\\/saemien-sijten-vaarhkoe\\\/\",\"url\":\"https:\\\/\\\/saemiensijte.no\\\/sami\\\/saemien-sijten-vaarhkoe\\\/\",\"name\":\"Saemien S\u00efjten v\u00e5arhkoe - Saemien Sijte\",\"isPartOf\":{\"@id\":\"https:\\\/\\\/saemiensijte.no\\\/sami\\\/#website\"},\"primaryImageOfPage\":{\"@id\":\"https:\\\/\\\/saemiensijte.no\\\/sami\\\/saemien-sijten-vaarhkoe\\\/#primaryimage\"},\"image\":{\"@id\":\"https:\\\/\\\/saemiensijte.no\\\/sami\\\/saemien-sijten-vaarhkoe\\\/#primaryimage\"},\"thumbnailUrl\":\"https:\\\/\\\/saemiensijte.no\\\/wp-content\\\/uploads\\\/2022\\\/10\\\/dsc_1450_ainabye.jpg\",\"datePublished\":\"2023-04-28T11:42:43+00:00\",\"dateModified\":\"2025-02-20T09:26:52+00:00\",\"breadcrumb\":{\"@id\":\"https:\\\/\\\/saemiensijte.no\\\/sami\\\/saemien-sijten-vaarhkoe\\\/#breadcrumb\"},\"inLanguage\":\"sami\",\"potentialAction\":[{\"@type\":\"ReadAction\",\"target\":[\"https:\\\/\\\/saemiensijte.no\\\/sami\\\/saemien-sijten-vaarhkoe\\\/\"]}]},{\"@type\":\"ImageObject\",\"inLanguage\":\"sami\",\"@id\":\"https:\\\/\\\/saemiensijte.no\\\/sami\\\/saemien-sijten-vaarhkoe\\\/#primaryimage\",\"url\":\"https:\\\/\\\/saemiensijte.no\\\/wp-content\\\/uploads\\\/2022\\\/10\\\/dsc_1450_ainabye.jpg\",\"contentUrl\":\"https:\\\/\\\/saemiensijte.no\\\/wp-content\\\/uploads\\\/2022\\\/10\\\/dsc_1450_ainabye.jpg\",\"width\":2000,\"height\":1333,\"caption\":\"Tj\u00e5ervoebusth\"},{\"@type\":\"BreadcrumbList\",\"@id\":\"https:\\\/\\\/saemiensijte.no\\\/sami\\\/saemien-sijten-vaarhkoe\\\/#breadcrumb\",\"itemListElement\":[{\"@type\":\"ListItem\",\"position\":1,\"name\":\"Hjem\",\"item\":\"https:\\\/\\\/saemiensijte.no\\\/sami\\\/\"},{\"@type\":\"ListItem\",\"position\":2,\"name\":\"Saemien S\u00efjten v\u00e5arhkoe\"}]},{\"@type\":\"WebSite\",\"@id\":\"https:\\\/\\\/saemiensijte.no\\\/sami\\\/#website\",\"url\":\"https:\\\/\\\/saemiensijte.no\\\/sami\\\/\",\"name\":\"Saemien Sijte\",\"description\":\"s\",\"potentialAction\":[{\"@type\":\"SearchAction\",\"target\":{\"@type\":\"EntryPoint\",\"urlTemplate\":\"https:\\\/\\\/saemiensijte.no\\\/sami\\\/?s={search_term_string}\"},\"query-input\":{\"@type\":\"PropertyValueSpecification\",\"valueRequired\":true,\"valueName\":\"search_term_string\"}}],\"inLanguage\":\"sami\"}]}<\/script>\n<!-- \/ Yoast SEO plugin. -->","yoast_head_json":{"title":"Saemien S\u00efjten v\u00e5arhkoe - Saemien Sijte","robots":{"index":"index","follow":"follow","max-snippet":"max-snippet:-1","max-image-preview":"max-image-preview:large","max-video-preview":"max-video-preview:-1"},"canonical":"https:\/\/saemiensijte.no\/sami\/saemien-sijten-vaarhkoe\/","og_locale":"en_US","og_type":"article","og_title":"Saemien S\u00efjten v\u00e5arhkoe - Saemien Sijte","og_description":"Saemien S\u00efjte aalkovistie eadtjohke barkeme saemien siebriedahkem jeatjabidie vuesiehtidh j\u00efh dan b\u00efjre soptsestidh. Saemien S\u00efjte s\u00efjhti aerpieguedtiejidie eevtjedh saemien vuekide j\u00efh g\u00efelem n\u00e6nnoestin j\u00efh kultuvrebyjreskidie ohtsedidh j\u00efh dejtie vaarjelidh.\u00a0\u00a0","og_url":"https:\/\/saemiensijte.no\/sami\/saemien-sijten-vaarhkoe\/","og_site_name":"Saemien Sijte","article_modified_time":"2025-02-20T09:26:52+00:00","og_image":[{"width":2000,"height":1333,"url":"http:\/\/saemiensijte.no\/wp-content\/uploads\/2022\/10\/dsc_1450_ainabye.jpg","type":"image\/jpeg"}],"twitter_card":"summary_large_image","twitter_misc":{"Est. reading time":"2 minutes"},"schema":{"@context":"https:\/\/schema.org","@graph":[{"@type":"WebPage","@id":"https:\/\/saemiensijte.no\/sami\/saemien-sijten-vaarhkoe\/","url":"https:\/\/saemiensijte.no\/sami\/saemien-sijten-vaarhkoe\/","name":"Saemien S\u00efjten v\u00e5arhkoe - Saemien Sijte","isPartOf":{"@id":"https:\/\/saemiensijte.no\/sami\/#website"},"primaryImageOfPage":{"@id":"https:\/\/saemiensijte.no\/sami\/saemien-sijten-vaarhkoe\/#primaryimage"},"image":{"@id":"https:\/\/saemiensijte.no\/sami\/saemien-sijten-vaarhkoe\/#primaryimage"},"thumbnailUrl":"https:\/\/saemiensijte.no\/wp-content\/uploads\/2022\/10\/dsc_1450_ainabye.jpg","datePublished":"2023-04-28T11:42:43+00:00","dateModified":"2025-02-20T09:26:52+00:00","breadcrumb":{"@id":"https:\/\/saemiensijte.no\/sami\/saemien-sijten-vaarhkoe\/#breadcrumb"},"inLanguage":"sami","potentialAction":[{"@type":"ReadAction","target":["https:\/\/saemiensijte.no\/sami\/saemien-sijten-vaarhkoe\/"]}]},{"@type":"ImageObject","inLanguage":"sami","@id":"https:\/\/saemiensijte.no\/sami\/saemien-sijten-vaarhkoe\/#primaryimage","url":"https:\/\/saemiensijte.no\/wp-content\/uploads\/2022\/10\/dsc_1450_ainabye.jpg","contentUrl":"https:\/\/saemiensijte.no\/wp-content\/uploads\/2022\/10\/dsc_1450_ainabye.jpg","width":2000,"height":1333,"caption":"Tj\u00e5ervoebusth"},{"@type":"BreadcrumbList","@id":"https:\/\/saemiensijte.no\/sami\/saemien-sijten-vaarhkoe\/#breadcrumb","itemListElement":[{"@type":"ListItem","position":1,"name":"Hjem","item":"https:\/\/saemiensijte.no\/sami\/"},{"@type":"ListItem","position":2,"name":"Saemien S\u00efjten v\u00e5arhkoe"}]},{"@type":"WebSite","@id":"https:\/\/saemiensijte.no\/sami\/#website","url":"https:\/\/saemiensijte.no\/sami\/","name":"Saemien Sijte","description":"s","potentialAction":[{"@type":"SearchAction","target":{"@type":"EntryPoint","urlTemplate":"https:\/\/saemiensijte.no\/sami\/?s={search_term_string}"},"query-input":{"@type":"PropertyValueSpecification","valueRequired":true,"valueName":"search_term_string"}}],"inLanguage":"sami"}]}},"publishpress_future_action":{"enabled":false,"date":"2026-04-29 14:48:34","action":"change-status","newStatus":"draft","terms":[],"taxonomy":"translation_priority","extraData":[]},"publishpress_future_workflow_manual_trigger":{"enabledWorkflows":[]},"_links":{"self":[{"href":"https:\/\/saemiensijte.no\/sami\/wp-json\/wp\/v2\/pages\/5876","targetHints":{"allow":["GET"]}}],"collection":[{"href":"https:\/\/saemiensijte.no\/sami\/wp-json\/wp\/v2\/pages"}],"about":[{"href":"https:\/\/saemiensijte.no\/sami\/wp-json\/wp\/v2\/types\/page"}],"author":[{"embeddable":true,"href":"https:\/\/saemiensijte.no\/sami\/wp-json\/wp\/v2\/users\/29"}],"replies":[{"embeddable":true,"href":"https:\/\/saemiensijte.no\/sami\/wp-json\/wp\/v2\/comments?post=5876"}],"version-history":[{"count":0,"href":"https:\/\/saemiensijte.no\/sami\/wp-json\/wp\/v2\/pages\/5876\/revisions"}],"wp:featuredmedia":[{"embeddable":true,"href":"https:\/\/saemiensijte.no\/sami\/wp-json\/wp\/v2\/media\/5776"}],"wp:attachment":[{"href":"https:\/\/saemiensijte.no\/sami\/wp-json\/wp\/v2\/media?parent=5876"}],"curies":[{"name":"wp","href":"https:\/\/api.w.org\/{rel}","templated":true}]}}