{"id":5857,"date":"2023-04-27T16:32:16","date_gmt":"2023-04-27T14:32:16","guid":{"rendered":"https:\/\/saemiensijte.no\/?page_id=5857"},"modified":"2025-02-20T10:29:14","modified_gmt":"2025-02-20T09:29:14","slug":"digitale-museume","status":"publish","type":"page","link":"https:\/\/saemiensijte.no\/sami\/digitale-museume\/","title":{"rendered":"Digitale museume"},"content":{"rendered":"\n<p><span data-contrast=\"none\">Saemien S\u00efjte eadtjohke barkeminie abpe v\u00e5arhkoem digitale v\u00e5arhkojne darjodh. Datne maahtah guvvieh j\u00efh jielemeguvvieh vuartasjidh. Maahtah j\u00efh tjoejenassevierhtieh govledh daesnie: <\/span><a href=\"http:\/\/digitaltmuseum.no\/info\/owners\/SSS\"><span data-contrast=\"none\">Digitalt Museum<\/span><\/a><span data-ccp-props=\"{&quot;201341983&quot;:0,&quot;335559739&quot;:160,&quot;335559740&quot;:360}\">\u00a0<\/span><\/p>\n<p><a href=\"http:\/\/saemiensijte.no\/wp-content\/uploads\/2023\/04\/digitaltmuseum.png\"><img loading=\"lazy\" decoding=\"async\" class=\"size-medium wp-image-5858 alignnone\" src=\"http:\/\/saemiensijte.no\/wp-content\/uploads\/2023\/04\/digitaltmuseum-500x213.png\" alt=\"\" width=\"500\" height=\"213\" srcset=\"https:\/\/saemiensijte.no\/wp-content\/uploads\/2023\/04\/digitaltmuseum-500x213.png 500w, https:\/\/saemiensijte.no\/wp-content\/uploads\/2023\/04\/digitaltmuseum-1000x426.png 1000w, https:\/\/saemiensijte.no\/wp-content\/uploads\/2023\/04\/digitaltmuseum-768x327.png 768w, https:\/\/saemiensijte.no\/wp-content\/uploads\/2023\/04\/digitaltmuseum.png 1065w\" sizes=\"auto, (max-width: 500px) 100vw, 500px\" \/><\/a><\/p>\n<p><span data-contrast=\"none\">Hijven jis datne s\u00efjhth mijjese bievnesjidh jis maam joem guvviej b\u00efjre daajrah. Jis guvvieh v\u00e5arhkoste vuajnah gusnie datne jallh dov fuelhkie leah j\u00efh ih s\u00efjhth guvvieh gaskeviermesne juakasovveme, maahtah Saemien S\u00efjtese bievnesjidh.<\/span><span data-ccp-props=\"{&quot;201341983&quot;:0,&quot;335559739&quot;:160,&quot;335559740&quot;:360}\">\u00a0<\/span><\/p>\n<p><span data-contrast=\"auto\">E-p\u00e5aste: <\/span><a href=\"mailto:samling@saemiensijte.no\"><span data-contrast=\"none\">samling@saemiensijte.no<\/span><\/a><span data-ccp-props=\"{&quot;201341983&quot;:0,&quot;335559739&quot;:160,&quot;335559740&quot;:360}\">\u00a0<\/span><\/p>\n<p><span data-contrast=\"none\">Daesnie lahtese Saemien S\u00efjten guvviev\u00e5arhkose:\u202f<\/span><a href=\"http:\/\/digitaltmuseum.no\/info\/owners\/SSS\"><span data-contrast=\"none\">http:\/\/digitaltmuseum.no\/info\/owners\/SSS<\/span><\/a><span data-ccp-props=\"{&quot;201341983&quot;:0,&quot;335559739&quot;:160,&quot;335559740&quot;:360}\">\u00a0<\/span><\/p>\n<p><span data-contrast=\"none\">Saernieh plaereste:\u202f<\/span><a href=\"http:\/\/www.nrk.no\/trondelag\/digital-gave-pa-samefolkets-dag-1.12193533\"><span data-contrast=\"none\">Digital gave p\u00e5 samefolkets dag<\/span><\/a><span data-ccp-props=\"{&quot;201341983&quot;:0,&quot;335559739&quot;:160,&quot;335559740&quot;:360}\">\u00a0<\/span><\/p>\n","protected":false},"excerpt":{"rendered":"<p>Saemien S\u00efjte eadtjohke barkeminie abpe v\u00e5arhkoem digitale v\u00e5arhkojne darjodh. Datne maahtah guvvieh j\u00efh jielemeguvvieh vuartasjidh.<\/p>\n","protected":false},"author":29,"featured_media":5858,"parent":0,"menu_order":0,"comment_status":"closed","ping_status":"closed","template":"","meta":{"_acf_changed":false,"_analytify_skip_tracking":false,"footnotes":""},"class_list":["post-5857","page","type-page","status-publish","has-post-thumbnail","hentry"],"acf":[],"yoast_head":"<!-- This site is optimized with the Yoast SEO plugin v27.4 - https:\/\/yoast.com\/product\/yoast-seo-wordpress\/ -->\n<title>Digitale museume - Saemien Sijte<\/title>\n<meta name=\"robots\" content=\"index, follow, max-snippet:-1, max-image-preview:large, max-video-preview:-1\" \/>\n<link rel=\"canonical\" href=\"https:\/\/saemiensijte.no\/sami\/digitale-museume\/\" \/>\n<meta property=\"og:locale\" content=\"en_US\" \/>\n<meta property=\"og:type\" content=\"article\" \/>\n<meta property=\"og:title\" content=\"Digitale museume - Saemien Sijte\" \/>\n<meta property=\"og:description\" content=\"Saemien S\u00efjte eadtjohke barkeminie abpe v\u00e5arhkoem digitale v\u00e5arhkojne darjodh. Datne maahtah guvvieh j\u00efh jielemeguvvieh vuartasjidh.\" \/>\n<meta property=\"og:url\" content=\"https:\/\/saemiensijte.no\/sami\/digitale-museume\/\" \/>\n<meta property=\"og:site_name\" content=\"Saemien Sijte\" \/>\n<meta property=\"article:modified_time\" content=\"2025-02-20T09:29:14+00:00\" \/>\n<meta property=\"og:image\" content=\"http:\/\/saemiensijte.no\/wp-content\/uploads\/2023\/04\/digitaltmuseum.png\" \/>\n\t<meta property=\"og:image:width\" content=\"1065\" \/>\n\t<meta property=\"og:image:height\" content=\"454\" \/>\n\t<meta property=\"og:image:type\" content=\"image\/png\" \/>\n<meta name=\"twitter:card\" content=\"summary_large_image\" \/>\n<meta name=\"twitter:label1\" content=\"Est. reading time\" \/>\n\t<meta name=\"twitter:data1\" content=\"1 minute\" \/>\n<script type=\"application\/ld+json\" class=\"yoast-schema-graph\">{\"@context\":\"https:\\\/\\\/schema.org\",\"@graph\":[{\"@type\":\"WebPage\",\"@id\":\"https:\\\/\\\/saemiensijte.no\\\/sami\\\/digitale-museume\\\/\",\"url\":\"https:\\\/\\\/saemiensijte.no\\\/sami\\\/digitale-museume\\\/\",\"name\":\"Digitale museume - Saemien Sijte\",\"isPartOf\":{\"@id\":\"https:\\\/\\\/saemiensijte.no\\\/sami\\\/#website\"},\"primaryImageOfPage\":{\"@id\":\"https:\\\/\\\/saemiensijte.no\\\/sami\\\/digitale-museume\\\/#primaryimage\"},\"image\":{\"@id\":\"https:\\\/\\\/saemiensijte.no\\\/sami\\\/digitale-museume\\\/#primaryimage\"},\"thumbnailUrl\":\"https:\\\/\\\/saemiensijte.no\\\/wp-content\\\/uploads\\\/2023\\\/04\\\/digitaltmuseum.png\",\"datePublished\":\"2023-04-27T14:32:16+00:00\",\"dateModified\":\"2025-02-20T09:29:14+00:00\",\"breadcrumb\":{\"@id\":\"https:\\\/\\\/saemiensijte.no\\\/sami\\\/digitale-museume\\\/#breadcrumb\"},\"inLanguage\":\"sami\",\"potentialAction\":[{\"@type\":\"ReadAction\",\"target\":[\"https:\\\/\\\/saemiensijte.no\\\/sami\\\/digitale-museume\\\/\"]}]},{\"@type\":\"ImageObject\",\"inLanguage\":\"sami\",\"@id\":\"https:\\\/\\\/saemiensijte.no\\\/sami\\\/digitale-museume\\\/#primaryimage\",\"url\":\"https:\\\/\\\/saemiensijte.no\\\/wp-content\\\/uploads\\\/2023\\\/04\\\/digitaltmuseum.png\",\"contentUrl\":\"https:\\\/\\\/saemiensijte.no\\\/wp-content\\\/uploads\\\/2023\\\/04\\\/digitaltmuseum.png\",\"width\":1065,\"height\":454},{\"@type\":\"BreadcrumbList\",\"@id\":\"https:\\\/\\\/saemiensijte.no\\\/sami\\\/digitale-museume\\\/#breadcrumb\",\"itemListElement\":[{\"@type\":\"ListItem\",\"position\":1,\"name\":\"Hjem\",\"item\":\"https:\\\/\\\/saemiensijte.no\\\/sami\\\/\"},{\"@type\":\"ListItem\",\"position\":2,\"name\":\"Digitale museume\"}]},{\"@type\":\"WebSite\",\"@id\":\"https:\\\/\\\/saemiensijte.no\\\/sami\\\/#website\",\"url\":\"https:\\\/\\\/saemiensijte.no\\\/sami\\\/\",\"name\":\"Saemien Sijte\",\"description\":\"s\",\"potentialAction\":[{\"@type\":\"SearchAction\",\"target\":{\"@type\":\"EntryPoint\",\"urlTemplate\":\"https:\\\/\\\/saemiensijte.no\\\/sami\\\/?s={search_term_string}\"},\"query-input\":{\"@type\":\"PropertyValueSpecification\",\"valueRequired\":true,\"valueName\":\"search_term_string\"}}],\"inLanguage\":\"sami\"}]}<\/script>\n<!-- \/ Yoast SEO plugin. -->","yoast_head_json":{"title":"Digitale museume - Saemien Sijte","robots":{"index":"index","follow":"follow","max-snippet":"max-snippet:-1","max-image-preview":"max-image-preview:large","max-video-preview":"max-video-preview:-1"},"canonical":"https:\/\/saemiensijte.no\/sami\/digitale-museume\/","og_locale":"en_US","og_type":"article","og_title":"Digitale museume - Saemien Sijte","og_description":"Saemien S\u00efjte eadtjohke barkeminie abpe v\u00e5arhkoem digitale v\u00e5arhkojne darjodh. Datne maahtah guvvieh j\u00efh jielemeguvvieh vuartasjidh.","og_url":"https:\/\/saemiensijte.no\/sami\/digitale-museume\/","og_site_name":"Saemien Sijte","article_modified_time":"2025-02-20T09:29:14+00:00","og_image":[{"width":1065,"height":454,"url":"http:\/\/saemiensijte.no\/wp-content\/uploads\/2023\/04\/digitaltmuseum.png","type":"image\/png"}],"twitter_card":"summary_large_image","twitter_misc":{"Est. reading time":"1 minute"},"schema":{"@context":"https:\/\/schema.org","@graph":[{"@type":"WebPage","@id":"https:\/\/saemiensijte.no\/sami\/digitale-museume\/","url":"https:\/\/saemiensijte.no\/sami\/digitale-museume\/","name":"Digitale museume - Saemien Sijte","isPartOf":{"@id":"https:\/\/saemiensijte.no\/sami\/#website"},"primaryImageOfPage":{"@id":"https:\/\/saemiensijte.no\/sami\/digitale-museume\/#primaryimage"},"image":{"@id":"https:\/\/saemiensijte.no\/sami\/digitale-museume\/#primaryimage"},"thumbnailUrl":"https:\/\/saemiensijte.no\/wp-content\/uploads\/2023\/04\/digitaltmuseum.png","datePublished":"2023-04-27T14:32:16+00:00","dateModified":"2025-02-20T09:29:14+00:00","breadcrumb":{"@id":"https:\/\/saemiensijte.no\/sami\/digitale-museume\/#breadcrumb"},"inLanguage":"sami","potentialAction":[{"@type":"ReadAction","target":["https:\/\/saemiensijte.no\/sami\/digitale-museume\/"]}]},{"@type":"ImageObject","inLanguage":"sami","@id":"https:\/\/saemiensijte.no\/sami\/digitale-museume\/#primaryimage","url":"https:\/\/saemiensijte.no\/wp-content\/uploads\/2023\/04\/digitaltmuseum.png","contentUrl":"https:\/\/saemiensijte.no\/wp-content\/uploads\/2023\/04\/digitaltmuseum.png","width":1065,"height":454},{"@type":"BreadcrumbList","@id":"https:\/\/saemiensijte.no\/sami\/digitale-museume\/#breadcrumb","itemListElement":[{"@type":"ListItem","position":1,"name":"Hjem","item":"https:\/\/saemiensijte.no\/sami\/"},{"@type":"ListItem","position":2,"name":"Digitale museume"}]},{"@type":"WebSite","@id":"https:\/\/saemiensijte.no\/sami\/#website","url":"https:\/\/saemiensijte.no\/sami\/","name":"Saemien Sijte","description":"s","potentialAction":[{"@type":"SearchAction","target":{"@type":"EntryPoint","urlTemplate":"https:\/\/saemiensijte.no\/sami\/?s={search_term_string}"},"query-input":{"@type":"PropertyValueSpecification","valueRequired":true,"valueName":"search_term_string"}}],"inLanguage":"sami"}]}},"publishpress_future_action":{"enabled":false,"date":"2026-05-23 02:07:47","action":"change-status","newStatus":"draft","terms":[],"taxonomy":"translation_priority","extraData":[]},"publishpress_future_workflow_manual_trigger":{"enabledWorkflows":[]},"_links":{"self":[{"href":"https:\/\/saemiensijte.no\/sami\/wp-json\/wp\/v2\/pages\/5857","targetHints":{"allow":["GET"]}}],"collection":[{"href":"https:\/\/saemiensijte.no\/sami\/wp-json\/wp\/v2\/pages"}],"about":[{"href":"https:\/\/saemiensijte.no\/sami\/wp-json\/wp\/v2\/types\/page"}],"author":[{"embeddable":true,"href":"https:\/\/saemiensijte.no\/sami\/wp-json\/wp\/v2\/users\/29"}],"replies":[{"embeddable":true,"href":"https:\/\/saemiensijte.no\/sami\/wp-json\/wp\/v2\/comments?post=5857"}],"version-history":[{"count":0,"href":"https:\/\/saemiensijte.no\/sami\/wp-json\/wp\/v2\/pages\/5857\/revisions"}],"wp:featuredmedia":[{"embeddable":true,"href":"https:\/\/saemiensijte.no\/sami\/wp-json\/wp\/v2\/media\/5858"}],"wp:attachment":[{"href":"https:\/\/saemiensijte.no\/sami\/wp-json\/wp\/v2\/media?parent=5857"}],"curies":[{"name":"wp","href":"https:\/\/api.w.org\/{rel}","templated":true}]}}