{"id":279,"date":"2015-05-20T08:12:27","date_gmt":"2015-05-20T06:12:27","guid":{"rendered":"http:\/\/saemiensijte.no\/home-2"},"modified":"2026-02-13T11:25:18","modified_gmt":"2026-02-13T10:25:18","slug":"home","status":"publish","type":"page","link":"https:\/\/saemiensijte.no\/sami\/","title":{"rendered":"G\u00e5atan"},"content":{"rendered":"<p>Saemien Sijte lea \u00e5arjelsaemien museume j\u00efh kultuvrejarnge Sn\u00e5asesne. Saemien Sijte lea aaj gaavnedimmiesijjie ovmessie darjomes. \u00c5arjel Saepmie leah Raaneste Engerdalese.<\/p>\n<p><span data-contrast=\"auto\">Saemien Sijten nasjonale d\u00efedte lea \u00e5arjelsaemien kultuvrem v\u00efhtesjidh, vaarjelidh, dotkedh j\u00efh saarnodh. Aerpiemaahtoeh, histovrije j\u00efh kultuvremojhtesh registreeredh leah aalkoevistie, jaepien 1964 raajeste vihkeles \u00e5rreme. N\u00e6nnoestehtedh \u00e5arjelsaemien identiteetem, g\u00efele, ektievoetem j\u00efh b\u00e5etije biejjieh leah kultuvregyhtjelassh maam Saemien Sijte museumsbarkoem baalte barka. Daeverereerenassem lea akten Saemien Sijten vihkielommes barkoe.\u00a0<\/span><\/p>\n\n\n\n","protected":false},"excerpt":{"rendered":"<p> &#8230;<\/p>\n","protected":false},"author":1,"featured_media":410,"parent":0,"menu_order":3,"comment_status":"closed","ping_status":"closed","template":"page-templates\/template-front-page.php","meta":{"_acf_changed":true,"_analytify_skip_tracking":false,"footnotes":""},"class_list":["post-279","page","type-page","status-publish","has-post-thumbnail","hentry"],"acf":[],"yoast_head":"<!-- This site is optimized with the Yoast SEO plugin v27.4 - https:\/\/yoast.com\/product\/yoast-seo-wordpress\/ -->\n<title>G\u00e5atan - Saemien Sijte<\/title>\n<meta name=\"robots\" content=\"index, follow, max-snippet:-1, max-image-preview:large, max-video-preview:-1\" \/>\n<link rel=\"canonical\" href=\"https:\/\/saemiensijte.no\/sami\/\" \/>\n<meta property=\"og:locale\" content=\"en_US\" \/>\n<meta property=\"og:type\" content=\"article\" \/>\n<meta property=\"og:title\" content=\"G\u00e5atan - Saemien Sijte\" \/>\n<meta property=\"og:description\" content=\"...\" \/>\n<meta property=\"og:url\" content=\"https:\/\/saemiensijte.no\/sami\/\" \/>\n<meta property=\"og:site_name\" content=\"Saemien Sijte\" \/>\n<meta property=\"article:modified_time\" content=\"2026-02-13T10:25:18+00:00\" \/>\n<meta property=\"og:image\" content=\"http:\/\/saemiensijte.no\/wp-content\/uploads\/2015\/05\/hero.jpg\" \/>\n\t<meta property=\"og:image:width\" content=\"1920\" \/>\n\t<meta property=\"og:image:height\" content=\"1080\" \/>\n\t<meta property=\"og:image:type\" content=\"image\/jpeg\" \/>\n<meta name=\"twitter:card\" content=\"summary_large_image\" \/>\n<meta name=\"twitter:label1\" content=\"Est. reading time\" \/>\n\t<meta name=\"twitter:data1\" content=\"1 minute\" \/>\n<script type=\"application\/ld+json\" class=\"yoast-schema-graph\">{\"@context\":\"https:\\\/\\\/schema.org\",\"@graph\":[{\"@type\":\"WebPage\",\"@id\":\"https:\\\/\\\/saemiensijte.no\\\/sami\\\/\",\"url\":\"https:\\\/\\\/saemiensijte.no\\\/sami\\\/\",\"name\":\"G\u00e5atan - Saemien Sijte\",\"isPartOf\":{\"@id\":\"https:\\\/\\\/saemiensijte.no\\\/sami\\\/#website\"},\"primaryImageOfPage\":{\"@id\":\"https:\\\/\\\/saemiensijte.no\\\/sami\\\/#primaryimage\"},\"image\":{\"@id\":\"https:\\\/\\\/saemiensijte.no\\\/sami\\\/#primaryimage\"},\"thumbnailUrl\":\"https:\\\/\\\/saemiensijte.no\\\/wp-content\\\/uploads\\\/2015\\\/05\\\/hero.jpg\",\"datePublished\":\"2015-05-20T06:12:27+00:00\",\"dateModified\":\"2026-02-13T10:25:18+00:00\",\"breadcrumb\":{\"@id\":\"https:\\\/\\\/saemiensijte.no\\\/sami\\\/#breadcrumb\"},\"inLanguage\":\"sami\",\"potentialAction\":[{\"@type\":\"ReadAction\",\"target\":[\"https:\\\/\\\/saemiensijte.no\\\/sami\\\/\"]}]},{\"@type\":\"ImageObject\",\"inLanguage\":\"sami\",\"@id\":\"https:\\\/\\\/saemiensijte.no\\\/sami\\\/#primaryimage\",\"url\":\"https:\\\/\\\/saemiensijte.no\\\/wp-content\\\/uploads\\\/2015\\\/05\\\/hero.jpg\",\"contentUrl\":\"https:\\\/\\\/saemiensijte.no\\\/wp-content\\\/uploads\\\/2015\\\/05\\\/hero.jpg\",\"width\":1920,\"height\":1080},{\"@type\":\"BreadcrumbList\",\"@id\":\"https:\\\/\\\/saemiensijte.no\\\/sami\\\/#breadcrumb\",\"itemListElement\":[{\"@type\":\"ListItem\",\"position\":1,\"name\":\"Hjem\",\"item\":\"https:\\\/\\\/saemiensijte.no\\\/sami\\\/\"},{\"@type\":\"ListItem\",\"position\":2,\"name\":\"G\u00e5atan\"}]},{\"@type\":\"WebSite\",\"@id\":\"https:\\\/\\\/saemiensijte.no\\\/sami\\\/#website\",\"url\":\"https:\\\/\\\/saemiensijte.no\\\/sami\\\/\",\"name\":\"Saemien Sijte\",\"description\":\"s\",\"potentialAction\":[{\"@type\":\"SearchAction\",\"target\":{\"@type\":\"EntryPoint\",\"urlTemplate\":\"https:\\\/\\\/saemiensijte.no\\\/sami\\\/?s={search_term_string}\"},\"query-input\":{\"@type\":\"PropertyValueSpecification\",\"valueRequired\":true,\"valueName\":\"search_term_string\"}}],\"inLanguage\":\"sami\"}]}<\/script>\n<!-- \/ Yoast SEO plugin. -->","yoast_head_json":{"title":"G\u00e5atan - Saemien Sijte","robots":{"index":"index","follow":"follow","max-snippet":"max-snippet:-1","max-image-preview":"max-image-preview:large","max-video-preview":"max-video-preview:-1"},"canonical":"https:\/\/saemiensijte.no\/sami\/","og_locale":"en_US","og_type":"article","og_title":"G\u00e5atan - Saemien Sijte","og_description":"...","og_url":"https:\/\/saemiensijte.no\/sami\/","og_site_name":"Saemien Sijte","article_modified_time":"2026-02-13T10:25:18+00:00","og_image":[{"width":1920,"height":1080,"url":"http:\/\/saemiensijte.no\/wp-content\/uploads\/2015\/05\/hero.jpg","type":"image\/jpeg"}],"twitter_card":"summary_large_image","twitter_misc":{"Est. reading time":"1 minute"},"schema":{"@context":"https:\/\/schema.org","@graph":[{"@type":"WebPage","@id":"https:\/\/saemiensijte.no\/sami\/","url":"https:\/\/saemiensijte.no\/sami\/","name":"G\u00e5atan - Saemien Sijte","isPartOf":{"@id":"https:\/\/saemiensijte.no\/sami\/#website"},"primaryImageOfPage":{"@id":"https:\/\/saemiensijte.no\/sami\/#primaryimage"},"image":{"@id":"https:\/\/saemiensijte.no\/sami\/#primaryimage"},"thumbnailUrl":"https:\/\/saemiensijte.no\/wp-content\/uploads\/2015\/05\/hero.jpg","datePublished":"2015-05-20T06:12:27+00:00","dateModified":"2026-02-13T10:25:18+00:00","breadcrumb":{"@id":"https:\/\/saemiensijte.no\/sami\/#breadcrumb"},"inLanguage":"sami","potentialAction":[{"@type":"ReadAction","target":["https:\/\/saemiensijte.no\/sami\/"]}]},{"@type":"ImageObject","inLanguage":"sami","@id":"https:\/\/saemiensijte.no\/sami\/#primaryimage","url":"https:\/\/saemiensijte.no\/wp-content\/uploads\/2015\/05\/hero.jpg","contentUrl":"https:\/\/saemiensijte.no\/wp-content\/uploads\/2015\/05\/hero.jpg","width":1920,"height":1080},{"@type":"BreadcrumbList","@id":"https:\/\/saemiensijte.no\/sami\/#breadcrumb","itemListElement":[{"@type":"ListItem","position":1,"name":"Hjem","item":"https:\/\/saemiensijte.no\/sami\/"},{"@type":"ListItem","position":2,"name":"G\u00e5atan"}]},{"@type":"WebSite","@id":"https:\/\/saemiensijte.no\/sami\/#website","url":"https:\/\/saemiensijte.no\/sami\/","name":"Saemien Sijte","description":"s","potentialAction":[{"@type":"SearchAction","target":{"@type":"EntryPoint","urlTemplate":"https:\/\/saemiensijte.no\/sami\/?s={search_term_string}"},"query-input":{"@type":"PropertyValueSpecification","valueRequired":true,"valueName":"search_term_string"}}],"inLanguage":"sami"}]}},"publishpress_future_action":{"enabled":false,"date":"2026-05-06 10:22:07","action":"change-status","newStatus":"draft","terms":[],"taxonomy":"translation_priority","extraData":[]},"publishpress_future_workflow_manual_trigger":{"enabledWorkflows":[]},"_links":{"self":[{"href":"https:\/\/saemiensijte.no\/sami\/wp-json\/wp\/v2\/pages\/279","targetHints":{"allow":["GET"]}}],"collection":[{"href":"https:\/\/saemiensijte.no\/sami\/wp-json\/wp\/v2\/pages"}],"about":[{"href":"https:\/\/saemiensijte.no\/sami\/wp-json\/wp\/v2\/types\/page"}],"author":[{"embeddable":true,"href":"https:\/\/saemiensijte.no\/sami\/wp-json\/wp\/v2\/users\/1"}],"replies":[{"embeddable":true,"href":"https:\/\/saemiensijte.no\/sami\/wp-json\/wp\/v2\/comments?post=279"}],"version-history":[{"count":0,"href":"https:\/\/saemiensijte.no\/sami\/wp-json\/wp\/v2\/pages\/279\/revisions"}],"wp:featuredmedia":[{"embeddable":true,"href":"https:\/\/saemiensijte.no\/sami\/wp-json\/wp\/v2\/media\/410"}],"wp:attachment":[{"href":"https:\/\/saemiensijte.no\/sami\/wp-json\/wp\/v2\/media?parent=279"}],"curies":[{"name":"wp","href":"https:\/\/api.w.org\/{rel}","templated":true}]}}